{"id":192,"date":"2018-08-03T01:13:57","date_gmt":"2018-08-03T01:13:57","guid":{"rendered":"http:\/\/themes.themegoods.com\/architecturer\/demo\/?page_id=192"},"modified":"2022-12-30T16:08:42","modified_gmt":"2022-12-30T16:08:42","slug":"destaques","status":"publish","type":"page","link":"https:\/\/heritage-pt.com\/fr\/destaques\/","title":{"rendered":"Not\u00edcias | Destaques | Heritage | Mobili\u00e1rio | Por Medida"},"content":{"rendered":"<div data-elementor-type=\"wp-post\" data-elementor-id=\"192\" class=\"elementor elementor-192\">\n\t\t\t\t\t\t\t\t\t<section class=\"elementor-section elementor-top-section elementor-element elementor-element-21a0b61 elementor-section-boxed elementor-section-height-default elementor-section-height-default\" data-id=\"21a0b61\" data-element_type=\"section\" data-settings=\"{&quot;architecturer_ext_is_background_parallax&quot;:&quot;false&quot;,&quot;architecturer_ext_is_background_on_scroll&quot;:&quot;false&quot;}\">\n\t\t\t\t\t\t<div class=\"elementor-container elementor-column-gap-no\">\n\t\t\t\t\t<div class=\"elementor-column elementor-col-100 elementor-top-column elementor-element elementor-element-494c5d6\" data-id=\"494c5d6\" data-element_type=\"column\" data-settings=\"{&quot;architecturer_ext_is_mobile_menu&quot;:&quot;false&quot;,&quot;architecturer_ext_is_scrollme&quot;:&quot;false&quot;,&quot;architecturer_ext_is_smoove&quot;:&quot;false&quot;,&quot;architecturer_ext_is_parallax_mouse&quot;:&quot;false&quot;,&quot;architecturer_ext_is_infinite&quot;:&quot;false&quot;,&quot;architecturer_ext_is_fadeout_animation&quot;:&quot;false&quot;}\">\n\t\t\t<div class=\"elementor-widget-wrap elementor-element-populated\">\n\t\t\t\t\t\t\t\t<div class=\"elementor-element elementor-element-ffc2ccb elementor-widget elementor-widget-heading\" data-id=\"ffc2ccb\" data-element_type=\"widget\" data-settings=\"{&quot;architecturer_ext_is_mobile_menu&quot;:&quot;false&quot;,&quot;architecturer_ext_is_scrollme&quot;:&quot;false&quot;,&quot;architecturer_ext_is_smoove&quot;:&quot;false&quot;,&quot;architecturer_ext_is_parallax_mouse&quot;:&quot;false&quot;,&quot;architecturer_ext_is_infinite&quot;:&quot;false&quot;,&quot;architecturer_ext_is_fadeout_animation&quot;:&quot;false&quot;}\" data-widget_type=\"heading.default\">\n\t\t\t\t<div class=\"elementor-widget-container\">\n\t\t\t<style>\/*! elementor - v3.9.2 - 21-12-2022 *\/\n.elementor-heading-title{padding:0;margin:0;line-height:1}.elementor-widget-heading .elementor-heading-title[class*=elementor-size-]>a{color:inherit;font-size:inherit;line-height:inherit}.elementor-widget-heading .elementor-heading-title.elementor-size-small{font-size:15px}.elementor-widget-heading .elementor-heading-title.elementor-size-medium{font-size:19px}.elementor-widget-heading .elementor-heading-title.elementor-size-large{font-size:29px}.elementor-widget-heading .elementor-heading-title.elementor-size-xl{font-size:39px}.elementor-widget-heading .elementor-heading-title.elementor-size-xxl{font-size:59px}<\/style><h1 class=\"elementor-heading-title elementor-size-default\">Destaques<\/h1>\t\t<\/div>\n\t\t\t\t<\/div>\n\t\t\t\t\t<\/div>\n\t\t<\/div>\n\t\t\t\t\t\t\t<\/div>\n\t\t<\/section>\n\t\t\t\t<section class=\"elementor-section elementor-top-section elementor-element elementor-element-8b36389 elementor-section-boxed elementor-section-height-default elementor-section-height-default\" data-id=\"8b36389\" data-element_type=\"section\" data-settings=\"{&quot;architecturer_ext_is_background_parallax&quot;:&quot;false&quot;,&quot;architecturer_ext_is_background_on_scroll&quot;:&quot;false&quot;}\">\n\t\t\t\t\t\t<div class=\"elementor-container elementor-column-gap-no\">\n\t\t\t\t\t<div class=\"elementor-column elementor-col-100 elementor-top-column elementor-element elementor-element-54d54a1\" data-id=\"54d54a1\" data-element_type=\"column\" data-settings=\"{&quot;architecturer_ext_is_mobile_menu&quot;:&quot;false&quot;,&quot;architecturer_ext_is_scrollme&quot;:&quot;false&quot;,&quot;architecturer_ext_is_smoove&quot;:&quot;false&quot;,&quot;architecturer_ext_is_parallax_mouse&quot;:&quot;false&quot;,&quot;architecturer_ext_is_infinite&quot;:&quot;false&quot;,&quot;architecturer_ext_is_fadeout_animation&quot;:&quot;false&quot;}\">\n\t\t\t<div class=\"elementor-widget-wrap elementor-element-populated\">\n\t\t\t\t\t\t\t\t<div class=\"elementor-element elementor-element-a914183 elementor-widget elementor-widget-photographer-blog-posts\" data-id=\"a914183\" data-element_type=\"widget\" data-settings=\"{&quot;architecturer_ext_is_mobile_menu&quot;:&quot;false&quot;,&quot;architecturer_ext_is_scrollme&quot;:&quot;false&quot;,&quot;architecturer_ext_is_smoove&quot;:&quot;false&quot;,&quot;architecturer_ext_is_parallax_mouse&quot;:&quot;false&quot;,&quot;architecturer_ext_is_infinite&quot;:&quot;false&quot;,&quot;architecturer_ext_is_fadeout_animation&quot;:&quot;false&quot;}\" data-widget_type=\"photographer-blog-posts.default\">\n\t\t\t\t<div class=\"elementor-widget-container\">\n\t\t\t<div class=\"blog_post_content_wrapper layout_masonry\">\n<!-- Begin each blog post -->\n<div class=\"blog-posts-masonry post-134 post type-post status-publish format-standard has-post-thumbnail hentry category-vip\">\n\n\t<div class=\"post_wrapper\">\n\t\t\n\t\t\t\t    <div class=\"post_img static\">\n\t\t\t    \t\t\t    <div class=\"post_img_hover\">\n\t\t\t     \t\t\t\t\t     <img decoding=\"async\"  src=\"https:\/\/heritage-pt.com\/wp-content\/uploads\/2018\/08\/her-destaque-redes-sociais-768x512.jpg\" class=\"lazy_masonry\" alt=\"\"\/>\n\t\t\t\t     \t\t\t     \t\t\t\t     \t<a href=\"https:\/\/heritage-pt.com\/fr\/nova-imagem-e-redes-sociais\/\"><\/a>\n\t\t\t    <\/div>\n\t\t    <\/div>\n\t\t\t    \n\t    <div class=\"post_content_wrapper text_left\">\n\t\t    \n\t\t    <div class=\"post_header\">\n\t\t\t    \t\t\t\t<div class=\"post_header_title\">\n\t\t\t\t    <h5><a href=\"https:\/\/heritage-pt.com\/fr\/nova-imagem-e-redes-sociais\/\" title=\"Nova Imagem e Redes Sociais\">Nova Imagem e Redes Sociais<\/a><\/h5>\n\t\t\t\t<\/div>\n\t\t\t<\/div>\n\t    \n\t\t\t<div class=\"post_header_wrapper\">\n\t\t\t\t\t\t\t    \t\t\t<\/div>\n\t    <\/div>\n\t    \n\t<\/div>\n\n<\/div>\n\n<!-- End each blog post --><!-- Begin each blog post -->\n<div class=\"blog-posts-masonry post-124 post type-post status-publish format-standard has-post-thumbnail hentry category-uncategorized\">\n\n\t<div class=\"post_wrapper\">\n\t\t\n\t\t\t\t    <div class=\"post_img static\">\n\t\t\t    \t\t\t    <div class=\"post_img_hover\">\n\t\t\t     \t\t\t\t\t     <img decoding=\"async\"  src=\"https:\/\/heritage-pt.com\/wp-content\/uploads\/2018\/08\/her-destaque1-768x512.jpg\" class=\"lazy_masonry\" alt=\"\"\/>\n\t\t\t\t     \t\t\t     \t\t\t\t     \t<a href=\"https:\/\/heritage-pt.com\/fr\/obras-de-arquitetura-notaveis\/\"><\/a>\n\t\t\t    <\/div>\n\t\t    <\/div>\n\t\t\t    \n\t    <div class=\"post_content_wrapper text_left\">\n\t\t    \n\t\t    <div class=\"post_header\">\n\t\t\t    \t\t\t\t<div class=\"post_header_title\">\n\t\t\t\t    <h5><a href=\"https:\/\/heritage-pt.com\/fr\/obras-de-arquitetura-notaveis\/\" title=\"Obras de Arquitetura Not\u00e1veis\">Obras de Arquitetura Not\u00e1veis<\/a><\/h5>\n\t\t\t\t<\/div>\n\t\t\t<\/div>\n\t    \n\t\t\t<div class=\"post_header_wrapper\">\n\t\t\t\t\t\t\t    \t\t\t<\/div>\n\t    <\/div>\n\t    \n\t<\/div>\n\n<\/div>\n\n<!-- End each blog post --><!-- Begin each blog post -->\n<div class=\"blog-posts-masonry post-121 post type-post status-publish format-standard has-post-thumbnail hentry category-vip\">\n\n\t<div class=\"post_wrapper\">\n\t\t\n\t\t\t\t    <div class=\"post_img static\">\n\t\t\t    \t\t\t    <div class=\"post_img_hover\">\n\t\t\t     \t\t\t\t\t     <img decoding=\"async\"  src=\"https:\/\/heritage-pt.com\/wp-content\/uploads\/2018\/08\/her-destaque3-768x512.jpg\" class=\"lazy_masonry\" alt=\"\"\/>\n\t\t\t\t     \t\t\t     \t\t\t\t     \t<a href=\"https:\/\/heritage-pt.com\/fr\/5-vantagens-para-apostar-investir-em-moveis-a-medida-personalizados\/\"><\/a>\n\t\t\t    <\/div>\n\t\t    <\/div>\n\t\t\t    \n\t    <div class=\"post_content_wrapper text_left\">\n\t\t    \n\t\t    <div class=\"post_header\">\n\t\t\t    \t\t\t\t<div class=\"post_header_title\">\n\t\t\t\t    <h5><a href=\"https:\/\/heritage-pt.com\/fr\/5-vantagens-para-apostar-investir-em-moveis-a-medida-personalizados\/\" title=\"5 Vantagens para Apostar\/Investir em M\u00f3veis \u00e0 Medida\/Personalizados\">5 Vantagens para Apostar\/Investir em M\u00f3veis \u00e0 Medida\/Personalizados<\/a><\/h5>\n\t\t\t\t<\/div>\n\t\t\t<\/div>\n\t    \n\t\t\t<div class=\"post_header_wrapper\">\n\t\t\t\t\t\t\t    \t\t\t<\/div>\n\t    <\/div>\n\t    \n\t<\/div>\n\n<\/div>\n\n<!-- End each blog post --><!-- Begin each blog post -->\n<div class=\"blog-posts-masonry post-118 post type-post status-publish format-standard has-post-thumbnail hentry category-uncategorized\">\n\n\t<div class=\"post_wrapper\">\n\t\t\n\t\t\t\t    <div class=\"post_img static\">\n\t\t\t    \t\t\t    <div class=\"post_img_hover\">\n\t\t\t     \t\t\t\t\t     <img decoding=\"async\"  src=\"https:\/\/heritage-pt.com\/wp-content\/uploads\/2018\/08\/her-destaque2-768x512.jpg\" class=\"lazy_masonry\" alt=\"\"\/>\n\t\t\t\t     \t\t\t     \t\t\t\t     \t<a href=\"https:\/\/heritage-pt.com\/fr\/locais-emblematicos-da-cidade-de-braga\/\"><\/a>\n\t\t\t    <\/div>\n\t\t    <\/div>\n\t\t\t    \n\t    <div class=\"post_content_wrapper text_left\">\n\t\t    \n\t\t    <div class=\"post_header\">\n\t\t\t    \t\t\t\t<div class=\"post_header_title\">\n\t\t\t\t    <h5><a href=\"https:\/\/heritage-pt.com\/fr\/locais-emblematicos-da-cidade-de-braga\/\" title=\"Locais Emblem\u00e1ticos da cidade de Braga\">Locais Emblem\u00e1ticos da cidade de Braga<\/a><\/h5>\n\t\t\t\t<\/div>\n\t\t\t<\/div>\n\t    \n\t\t\t<div class=\"post_header_wrapper\">\n\t\t\t\t\t\t\t    \t\t\t<\/div>\n\t    <\/div>\n\t    \n\t<\/div>\n\n<\/div>\n\n<!-- End each blog post --><!-- Begin each blog post -->\n<div class=\"blog-posts-masonry post-109 post type-post status-publish format-standard has-post-thumbnail hentry category-vip\">\n\n\t<div class=\"post_wrapper\">\n\t\t\n\t\t\t\t    <div class=\"post_img static\">\n\t\t\t    \t\t\t    <div class=\"post_img_hover\">\n\t\t\t     \t\t\t\t\t     <img decoding=\"async\"  src=\"https:\/\/heritage-pt.com\/wp-content\/uploads\/2018\/08\/her-destaque5-768x513.jpg\" class=\"lazy_masonry\" alt=\"\"\/>\n\t\t\t\t     \t\t\t     \t\t\t\t     \t<a href=\"https:\/\/heritage-pt.com\/fr\/peca-um-orcamento-gratis-junto-do-departamento-comercial\/\"><\/a>\n\t\t\t    <\/div>\n\t\t    <\/div>\n\t\t\t    \n\t    <div class=\"post_content_wrapper text_left\">\n\t\t    \n\t\t    <div class=\"post_header\">\n\t\t\t    \t\t\t\t<div class=\"post_header_title\">\n\t\t\t\t    <h5><a href=\"https:\/\/heritage-pt.com\/fr\/peca-um-orcamento-gratis-junto-do-departamento-comercial\/\" title=\"Pe\u00e7a um Or\u00e7amento gr\u00e1tis junto do Departamento Comercial\">Pe\u00e7a um Or\u00e7amento gr\u00e1tis junto do Departamento Comercial<\/a><\/h5>\n\t\t\t\t<\/div>\n\t\t\t<\/div>\n\t    \n\t\t\t<div class=\"post_header_wrapper\">\n\t\t\t\t\t\t\t    \t\t\t<\/div>\n\t    <\/div>\n\t    \n\t<\/div>\n\n<\/div>\n\n<!-- End each blog post --><!-- Begin each blog post -->\n<div class=\"blog-posts-masonry post-105 post type-post status-publish format-standard has-post-thumbnail hentry category-uncategorized\">\n\n\t<div class=\"post_wrapper\">\n\t\t\n\t\t\t\t    <div class=\"post_img static\">\n\t\t\t    \t\t\t    <div class=\"post_img_hover\">\n\t\t\t     \t\t\t\t\t     <img decoding=\"async\"  src=\"https:\/\/heritage-pt.com\/wp-content\/uploads\/2018\/08\/her-destaque9-768x512.jpg\" class=\"lazy_masonry\" alt=\"\"\/>\n\t\t\t\t     \t\t\t     \t\t\t\t     \t<a href=\"https:\/\/heritage-pt.com\/fr\/parque-nacional-da-peneda-geres\/\"><\/a>\n\t\t\t    <\/div>\n\t\t    <\/div>\n\t\t\t    \n\t    <div class=\"post_content_wrapper text_left\">\n\t\t    \n\t\t    <div class=\"post_header\">\n\t\t\t    \t\t\t\t<div class=\"post_header_title\">\n\t\t\t\t    <h5><a href=\"https:\/\/heritage-pt.com\/fr\/parque-nacional-da-peneda-geres\/\" title=\"Parque Nacional da Peneda-Ger\u00eas\">Parque Nacional da Peneda-Ger\u00eas<\/a><\/h5>\n\t\t\t\t<\/div>\n\t\t\t<\/div>\n\t    \n\t\t\t<div class=\"post_header_wrapper\">\n\t\t\t\t\t\t\t    \t\t\t<\/div>\n\t    <\/div>\n\t    \n\t<\/div>\n\n<\/div>\n\n<!-- End each blog post --><!-- Begin each blog post -->\n<div class=\"blog-posts-masonry post-102 post type-post status-publish format-standard has-post-thumbnail hentry category-vip\">\n\n\t<div class=\"post_wrapper\">\n\t\t\n\t\t\t\t    <div class=\"post_img static\">\n\t\t\t    \t\t\t    <div class=\"post_img_hover\">\n\t\t\t     \t\t\t\t\t     <img decoding=\"async\"  src=\"https:\/\/heritage-pt.com\/wp-content\/uploads\/2018\/08\/her-destaque7-768x512.jpg\" class=\"lazy_masonry\" alt=\"\"\/>\n\t\t\t\t     \t\t\t     \t\t\t\t     \t<a href=\"https:\/\/heritage-pt.com\/fr\/um-servico-de-assistencia-ao-cliente-de-excelencia\/\"><\/a>\n\t\t\t    <\/div>\n\t\t    <\/div>\n\t\t\t    \n\t    <div class=\"post_content_wrapper text_left\">\n\t\t    \n\t\t    <div class=\"post_header\">\n\t\t\t    \t\t\t\t<div class=\"post_header_title\">\n\t\t\t\t    <h5><a href=\"https:\/\/heritage-pt.com\/fr\/um-servico-de-assistencia-ao-cliente-de-excelencia\/\" title=\"Um Servi\u00e7o de Assist\u00eancia ao Cliente de Excel\u00eancia\">Um Servi\u00e7o de Assist\u00eancia ao Cliente de Excel\u00eancia<\/a><\/h5>\n\t\t\t\t<\/div>\n\t\t\t<\/div>\n\t    \n\t\t\t<div class=\"post_header_wrapper\">\n\t\t\t\t\t\t\t    \t\t\t<\/div>\n\t    <\/div>\n\t    \n\t<\/div>\n\n<\/div>\n\n<!-- End each blog post --><!-- Begin each blog post -->\n<div class=\"blog-posts-masonry post-91 post type-post status-publish format-standard has-post-thumbnail hentry category-uncategorized\">\n\n\t<div class=\"post_wrapper\">\n\t\t\n\t\t\t\t    <div class=\"post_img static\">\n\t\t\t    \t\t\t    <div class=\"post_img_hover\">\n\t\t\t     \t\t\t\t\t     <img decoding=\"async\"  src=\"https:\/\/heritage-pt.com\/wp-content\/uploads\/2018\/08\/her-destaque8-768x512.jpg\" class=\"lazy_masonry\" alt=\"\"\/>\n\t\t\t\t     \t\t\t     \t\t\t\t     \t<a href=\"https:\/\/heritage-pt.com\/fr\/sugestao-de-locais-a-visitar\/\"><\/a>\n\t\t\t    <\/div>\n\t\t    <\/div>\n\t\t\t    \n\t    <div class=\"post_content_wrapper text_left\">\n\t\t    \n\t\t    <div class=\"post_header\">\n\t\t\t    \t\t\t\t<div class=\"post_header_title\">\n\t\t\t\t    <h5><a href=\"https:\/\/heritage-pt.com\/fr\/sugestao-de-locais-a-visitar\/\" title=\"Sugest\u00e3o de locais a visitar\">Sugest\u00e3o de locais a visitar<\/a><\/h5>\n\t\t\t\t<\/div>\n\t\t\t<\/div>\n\t    \n\t\t\t<div class=\"post_header_wrapper\">\n\t\t\t\t\t\t\t    \t\t\t<\/div>\n\t    <\/div>\n\t    \n\t<\/div>\n\n<\/div>\n\n<!-- End each blog post --><\/div>\n<br class=\"clear\"\/>\t\t<\/div>\n\t\t\t\t<\/div>\n\t\t\t\t\t<\/div>\n\t\t<\/div>\n\t\t\t\t\t\t\t<\/div>\n\t\t<\/section>\n\t\t\t\t\t\t\t<\/div>","protected":false},"excerpt":{"rendered":"<p>Destaques Nova Imagem e Redes Sociais Obras de Arquitetura Not\u00e1veis 5 Vantagens para Apostar\/Investir em M\u00f3veis \u00e0 Medida\/Personalizados Locais Emblem\u00e1ticos da cidade de Braga Pe\u00e7a um Or\u00e7amento gr\u00e1tis junto do Departamento Comercial Parque Nacional da Peneda-Ger\u00eas Um Servi\u00e7o de Assist\u00eancia [&hellip;]<\/p>","protected":false},"author":1,"featured_media":0,"parent":0,"menu_order":0,"comment_status":"closed","ping_status":"closed","template":"","meta":{"footnotes":""},"class_list":["post-192","page","type-page","status-publish","hentry"],"yoast_head":"<!-- This site is optimized with the Yoast SEO plugin v19.13 - https:\/\/yoast.com\/wordpress\/plugins\/seo\/ -->\n<title>Not\u00edcias | Destaques | Heritage | Mobili\u00e1rio | Por Medida - Heritage<\/title>\n<meta name=\"robots\" content=\"index, follow, max-snippet:-1, max-image-preview:large, max-video-preview:-1\" \/>\n<link rel=\"canonical\" href=\"https:\/\/heritage-pt.com\/fr\/destaques\/\" \/>\n<meta property=\"og:locale\" content=\"fr_FR\" \/>\n<meta property=\"og:type\" content=\"article\" \/>\n<meta property=\"og:title\" content=\"Not\u00edcias | Destaques | Heritage | Mobili\u00e1rio | Por Medida - Heritage\" \/>\n<meta property=\"og:description\" content=\"Destaques Nova Imagem e Redes Sociais Obras de Arquitetura Not\u00e1veis 5 Vantagens para Apostar\/Investir em M\u00f3veis \u00e0 Medida\/Personalizados Locais Emblem\u00e1ticos da cidade de Braga Pe\u00e7a um Or\u00e7amento gr\u00e1tis junto do Departamento Comercial Parque Nacional da Peneda-Ger\u00eas Um Servi\u00e7o de Assist\u00eancia [&hellip;]\" \/>\n<meta property=\"og:url\" content=\"https:\/\/heritage-pt.com\/fr\/destaques\/\" \/>\n<meta property=\"og:site_name\" content=\"Heritage\" \/>\n<meta property=\"article:modified_time\" content=\"2022-12-30T16:08:42+00:00\" \/>\n<meta property=\"og:image\" content=\"https:\/\/heritage-pt.com\/wp-content\/uploads\/2018\/08\/her-destaque-redes-sociais-768x512.jpg\" \/>\n<meta name=\"twitter:card\" content=\"summary_large_image\" \/>\n<meta name=\"twitter:label1\" content=\"Dur\u00e9e de lecture estim\u00e9e\" \/>\n\t<meta name=\"twitter:data1\" content=\"2 minutes\" \/>\n<script type=\"application\/ld+json\" class=\"yoast-schema-graph\">{\"@context\":\"https:\/\/schema.org\",\"@graph\":[{\"@type\":\"WebPage\",\"@id\":\"https:\/\/heritage-pt.com\/destaques\/\",\"url\":\"https:\/\/heritage-pt.com\/destaques\/\",\"name\":\"Not\u00edcias | Destaques | Heritage | Mobili\u00e1rio | Por Medida - Heritage\",\"isPartOf\":{\"@id\":\"https:\/\/heritage-pt.com\/#website\"},\"datePublished\":\"2018-08-03T01:13:57+00:00\",\"dateModified\":\"2022-12-30T16:08:42+00:00\",\"breadcrumb\":{\"@id\":\"https:\/\/heritage-pt.com\/destaques\/#breadcrumb\"},\"inLanguage\":\"fr-FR\",\"potentialAction\":[{\"@type\":\"ReadAction\",\"target\":[\"https:\/\/heritage-pt.com\/destaques\/\"]}]},{\"@type\":\"BreadcrumbList\",\"@id\":\"https:\/\/heritage-pt.com\/destaques\/#breadcrumb\",\"itemListElement\":[{\"@type\":\"ListItem\",\"position\":1,\"name\":\"Home\",\"item\":\"https:\/\/heritage-pt.com\/\"},{\"@type\":\"ListItem\",\"position\":2,\"name\":\"Not\u00edcias | Destaques | Heritage | Mobili\u00e1rio | Por Medida\"}]},{\"@type\":\"WebSite\",\"@id\":\"https:\/\/heritage-pt.com\/#website\",\"url\":\"https:\/\/heritage-pt.com\/\",\"name\":\"Heritage\",\"description\":\"\",\"publisher\":{\"@id\":\"https:\/\/heritage-pt.com\/#organization\"},\"potentialAction\":[{\"@type\":\"SearchAction\",\"target\":{\"@type\":\"EntryPoint\",\"urlTemplate\":\"https:\/\/heritage-pt.com\/?s={search_term_string}\"},\"query-input\":\"required name=search_term_string\"}],\"inLanguage\":\"fr-FR\"},{\"@type\":\"Organization\",\"@id\":\"https:\/\/heritage-pt.com\/#organization\",\"name\":\"Heritage\",\"url\":\"https:\/\/heritage-pt.com\/\",\"logo\":{\"@type\":\"ImageObject\",\"inLanguage\":\"fr-FR\",\"@id\":\"https:\/\/heritage-pt.com\/#\/schema\/logo\/image\/\",\"url\":\"https:\/\/heritage-pt.com\/wp-content\/uploads\/2022\/12\/logo@2x-1-1.png\",\"contentUrl\":\"https:\/\/heritage-pt.com\/wp-content\/uploads\/2022\/12\/logo@2x-1-1.png\",\"width\":346,\"height\":74,\"caption\":\"Heritage\"},\"image\":{\"@id\":\"https:\/\/heritage-pt.com\/#\/schema\/logo\/image\/\"}}]}<\/script>\n<!-- \/ Yoast SEO plugin. -->","yoast_head_json":{"title":"Not\u00edcias | Destaques | Heritage | Mobili\u00e1rio | Por Medida - Heritage","robots":{"index":"index","follow":"follow","max-snippet":"max-snippet:-1","max-image-preview":"max-image-preview:large","max-video-preview":"max-video-preview:-1"},"canonical":"https:\/\/heritage-pt.com\/fr\/destaques\/","og_locale":"fr_FR","og_type":"article","og_title":"Not\u00edcias | Destaques | Heritage | Mobili\u00e1rio | Por Medida - Heritage","og_description":"Destaques Nova Imagem e Redes Sociais Obras de Arquitetura Not\u00e1veis 5 Vantagens para Apostar\/Investir em M\u00f3veis \u00e0 Medida\/Personalizados Locais Emblem\u00e1ticos da cidade de Braga Pe\u00e7a um Or\u00e7amento gr\u00e1tis junto do Departamento Comercial Parque Nacional da Peneda-Ger\u00eas Um Servi\u00e7o de Assist\u00eancia [&hellip;]","og_url":"https:\/\/heritage-pt.com\/fr\/destaques\/","og_site_name":"Heritage","article_modified_time":"2022-12-30T16:08:42+00:00","og_image":[{"url":"https:\/\/heritage-pt.com\/wp-content\/uploads\/2018\/08\/her-destaque-redes-sociais-768x512.jpg"}],"twitter_card":"summary_large_image","twitter_misc":{"Dur\u00e9e de lecture estim\u00e9e":"2 minutes"},"schema":{"@context":"https:\/\/schema.org","@graph":[{"@type":"WebPage","@id":"https:\/\/heritage-pt.com\/destaques\/","url":"https:\/\/heritage-pt.com\/destaques\/","name":"Not\u00edcias | Destaques | Heritage | Mobili\u00e1rio | Por Medida - Heritage","isPartOf":{"@id":"https:\/\/heritage-pt.com\/#website"},"datePublished":"2018-08-03T01:13:57+00:00","dateModified":"2022-12-30T16:08:42+00:00","breadcrumb":{"@id":"https:\/\/heritage-pt.com\/destaques\/#breadcrumb"},"inLanguage":"fr-FR","potentialAction":[{"@type":"ReadAction","target":["https:\/\/heritage-pt.com\/destaques\/"]}]},{"@type":"BreadcrumbList","@id":"https:\/\/heritage-pt.com\/destaques\/#breadcrumb","itemListElement":[{"@type":"ListItem","position":1,"name":"Home","item":"https:\/\/heritage-pt.com\/"},{"@type":"ListItem","position":2,"name":"Not\u00edcias | Destaques | Heritage | Mobili\u00e1rio | Por Medida"}]},{"@type":"WebSite","@id":"https:\/\/heritage-pt.com\/#website","url":"https:\/\/heritage-pt.com\/","name":"Heritage","description":"","publisher":{"@id":"https:\/\/heritage-pt.com\/#organization"},"potentialAction":[{"@type":"SearchAction","target":{"@type":"EntryPoint","urlTemplate":"https:\/\/heritage-pt.com\/?s={search_term_string}"},"query-input":"required name=search_term_string"}],"inLanguage":"fr-FR"},{"@type":"Organization","@id":"https:\/\/heritage-pt.com\/#organization","name":"Heritage","url":"https:\/\/heritage-pt.com\/","logo":{"@type":"ImageObject","inLanguage":"fr-FR","@id":"https:\/\/heritage-pt.com\/#\/schema\/logo\/image\/","url":"https:\/\/heritage-pt.com\/wp-content\/uploads\/2022\/12\/logo@2x-1-1.png","contentUrl":"https:\/\/heritage-pt.com\/wp-content\/uploads\/2022\/12\/logo@2x-1-1.png","width":346,"height":74,"caption":"Heritage"},"image":{"@id":"https:\/\/heritage-pt.com\/#\/schema\/logo\/image\/"}}]}},"_links":{"self":[{"href":"https:\/\/heritage-pt.com\/fr\/wp-json\/wp\/v2\/pages\/192","targetHints":{"allow":["GET"]}}],"collection":[{"href":"https:\/\/heritage-pt.com\/fr\/wp-json\/wp\/v2\/pages"}],"about":[{"href":"https:\/\/heritage-pt.com\/fr\/wp-json\/wp\/v2\/types\/page"}],"author":[{"embeddable":true,"href":"https:\/\/heritage-pt.com\/fr\/wp-json\/wp\/v2\/users\/1"}],"replies":[{"embeddable":true,"href":"https:\/\/heritage-pt.com\/fr\/wp-json\/wp\/v2\/comments?post=192"}],"version-history":[{"count":16,"href":"https:\/\/heritage-pt.com\/fr\/wp-json\/wp\/v2\/pages\/192\/revisions"}],"predecessor-version":[{"id":5021,"href":"https:\/\/heritage-pt.com\/fr\/wp-json\/wp\/v2\/pages\/192\/revisions\/5021"}],"wp:attachment":[{"href":"https:\/\/heritage-pt.com\/fr\/wp-json\/wp\/v2\/media?parent=192"}],"curies":[{"name":"wp","href":"https:\/\/api.w.org\/{rel}","templated":true}]}}