{"id":2416,"date":"2018-08-24T09:30:47","date_gmt":"2018-08-24T09:30:47","guid":{"rendered":"http:\/\/themes.themegoods.com\/architecturer\/demo\/?page_id=2416"},"modified":"2022-12-30T16:09:28","modified_gmt":"2022-12-30T16:09:28","slug":"portefolio","status":"publish","type":"page","link":"https:\/\/heritage-pt.com\/fr\/portefolio\/","title":{"rendered":"Cozinhas | Roupeiros | Casa Banho | Esquadrias | Projetos | Obras | Fabrico | Por Medida"},"content":{"rendered":"<div data-elementor-type=\"wp-post\" data-elementor-id=\"2416\" class=\"elementor elementor-2416\">\n\t\t\t\t\t\t\t\t\t<section class=\"elementor-section elementor-top-section elementor-element elementor-element-0e66e40 elementor-section-stretched elementor-section-boxed elementor-section-height-default elementor-section-height-default\" data-id=\"0e66e40\" data-element_type=\"section\" data-settings=\"{&quot;stretch_section&quot;:&quot;section-stretched&quot;,&quot;background_background&quot;:&quot;classic&quot;,&quot;architecturer_ext_is_background_parallax&quot;:&quot;false&quot;,&quot;architecturer_ext_is_background_on_scroll&quot;:&quot;false&quot;}\">\n\t\t\t\t\t\t<div class=\"elementor-container elementor-column-gap-no\">\n\t\t\t\t\t<div class=\"elementor-column elementor-col-100 elementor-top-column elementor-element elementor-element-8d49428\" data-id=\"8d49428\" data-element_type=\"column\" data-settings=\"{&quot;architecturer_ext_is_mobile_menu&quot;:&quot;false&quot;,&quot;architecturer_ext_is_scrollme&quot;:&quot;false&quot;,&quot;architecturer_ext_is_smoove&quot;:&quot;false&quot;,&quot;architecturer_ext_is_parallax_mouse&quot;:&quot;false&quot;,&quot;architecturer_ext_is_infinite&quot;:&quot;false&quot;,&quot;architecturer_ext_is_fadeout_animation&quot;:&quot;false&quot;}\">\n\t\t\t<div class=\"elementor-widget-wrap elementor-element-populated\">\n\t\t\t\t\t\t\t\t<div class=\"elementor-element elementor-element-0f1c791 elementor-widget elementor-widget-architecturer-portfolio-masonry\" data-id=\"0f1c791\" data-element_type=\"widget\" data-settings=\"{&quot;architecturer_ext_is_mobile_menu&quot;:&quot;false&quot;,&quot;architecturer_ext_is_scrollme&quot;:&quot;false&quot;,&quot;architecturer_ext_is_smoove&quot;:&quot;false&quot;,&quot;architecturer_ext_is_parallax_mouse&quot;:&quot;false&quot;,&quot;architecturer_ext_is_infinite&quot;:&quot;false&quot;,&quot;architecturer_ext_is_fadeout_animation&quot;:&quot;false&quot;}\" data-widget_type=\"architecturer-portfolio-masonry.default\">\n\t\t\t\t<div class=\"elementor-widget-container\">\n\t\t\t<div class=\"portfolio_masonry_container\">\n<div class=\"portfolio_filter_wrapper\">\n\t\t<a class=\"filter_tag_btn active\" href=\"javascript:;\" data-rel=\"all\" data-cols=\"3\">All<\/a>\n\t\t\t<a class=\"filter_tag_btn\" href=\"javascript:;\" data-rel=\"roupeiros\" data-cols=\"3\">Roupeiros<\/a>\n\t\t\t<a class=\"filter_tag_btn\" href=\"javascript:;\" data-rel=\"casa-de-banho\" data-cols=\"3\">Casa de Banho<\/a>\n\t\t\t<a class=\"filter_tag_btn\" href=\"javascript:;\" data-rel=\"cozinhas\" data-cols=\"3\">Cozinhas<\/a>\n\t\t\t<a class=\"filter_tag_btn\" href=\"javascript:;\" data-rel=\"esquadrias\" data-cols=\"3\">Esquadrias<\/a>\n\t<\/div>\n<div class=\"portfolio_masonry_content_wrapper gallery_grid_content_wrapper do_masonry portfolio_masonry layout_tg_three_cols\" data-cols=\"3\">\n\t\t<div class=\"portfolio_masonry_grid_wrapper gallery_grid_item tg_three_cols   portfolio-1 tile scale-anm roupeiros all filterable\" >\n\t\t\t<div class=\"portfolio_masonry_img\">\n\t\t\t\t<img decoding=\"async\" src=\"https:\/\/heritage-pt.com\/wp-content\/uploads\/2022\/12\/Dressing-beige-1-768x512.jpg\" alt=\"\" \/>\n\t\t\t<\/div>\n\n\t\t\t<figcaption>\n\t\t\t\t<div class=\"border one\">\n\t\t\t      <div><\/div>\n\t\t\t    <\/div>\n\t\t\t    <div class=\"border two\">\n\t\t\t      <div><\/div>\n\t\t\t    <\/div>\n\t\t\t\t<div class=\"portfolio_masonry_content\">\n\t\t\t\t\t<h3>Roupeiro Contempor\u00e2neo Modular<\/h3>\n\t\t\t\t\t<div class=\"portfolio_masonry_subtitle\">ROUPEIROS<\/div>\n\t\t\t\t<\/div>\n\t\t\t<\/figcaption><a rel=\"noopener noreferrer\" href=\"https:\/\/heritage-pt.com\/fr\/heritage-projetos-01-roupeiro-contemporaneo-modular\/\"  ><\/a>\n\t\t<\/div>\n\t\t<div class=\"portfolio_masonry_grid_wrapper gallery_grid_item tg_three_cols   portfolio-2 tile scale-anm casa-de-banho all filterable\" >\n\t\t\t<div class=\"portfolio_masonry_img\">\n\t\t\t\t<img decoding=\"async\" src=\"https:\/\/heritage-pt.com\/wp-content\/uploads\/2022\/12\/00-meuble-bois-salle-de-bains-768x512.jpg\" alt=\"\" \/>\n\t\t\t<\/div>\n\n\t\t\t<figcaption>\n\t\t\t\t<div class=\"border one\">\n\t\t\t      <div><\/div>\n\t\t\t    <\/div>\n\t\t\t    <div class=\"border two\">\n\t\t\t      <div><\/div>\n\t\t\t    <\/div>\n\t\t\t\t<div class=\"portfolio_masonry_content\">\n\t\t\t\t\t<h3>Mobili\u00e1rio de Casa de Banho<\/h3>\n\t\t\t\t\t<div class=\"portfolio_masonry_subtitle\">CASA DE BANHO<\/div>\n\t\t\t\t<\/div>\n\t\t\t<\/figcaption><a rel=\"noopener noreferrer\" href=\"https:\/\/heritage-pt.com\/fr\/heritage-projetos-02-mobiliario-de-casa-de-banho-moderno-e-funcional\/\"  ><\/a>\n\t\t<\/div>\n\t\t<div class=\"portfolio_masonry_grid_wrapper gallery_grid_item tg_three_cols last  portfolio-3 tile scale-anm cozinhas all filterable\" >\n\t\t\t<div class=\"portfolio_masonry_img\">\n\t\t\t\t<img decoding=\"async\" src=\"https:\/\/heritage-pt.com\/wp-content\/uploads\/2022\/12\/00-37877103_1431052893704920_924015037813620736_o-768x512.jpg\" alt=\"\" \/>\n\t\t\t<\/div>\n\n\t\t\t<figcaption>\n\t\t\t\t<div class=\"border one\">\n\t\t\t      <div><\/div>\n\t\t\t    <\/div>\n\t\t\t    <div class=\"border two\">\n\t\t\t      <div><\/div>\n\t\t\t    <\/div>\n\t\t\t\t<div class=\"portfolio_masonry_content\">\n\t\t\t\t\t<h3>Cozinha Open Space<\/h3>\n\t\t\t\t\t<div class=\"portfolio_masonry_subtitle\">COZINHAS<\/div>\n\t\t\t\t<\/div>\n\t\t\t<\/figcaption><a rel=\"noopener noreferrer\" href=\"https:\/\/heritage-pt.com\/fr\/heritage-projetos-03-cozinha-open-space\/\"  ><\/a>\n\t\t<\/div>\n\t\t<div class=\"portfolio_masonry_grid_wrapper gallery_grid_item tg_three_cols   portfolio-4 tile scale-anm cozinhas all filterable\" >\n\t\t\t<div class=\"portfolio_masonry_img\">\n\t\t\t\t<img decoding=\"async\" src=\"https:\/\/heritage-pt.com\/wp-content\/uploads\/2022\/12\/00-20211020_191802-768x512.jpg\" alt=\"\" \/>\n\t\t\t<\/div>\n\n\t\t\t<figcaption>\n\t\t\t\t<div class=\"border one\">\n\t\t\t      <div><\/div>\n\t\t\t    <\/div>\n\t\t\t    <div class=\"border two\">\n\t\t\t      <div><\/div>\n\t\t\t    <\/div>\n\t\t\t\t<div class=\"portfolio_masonry_content\">\n\t\t\t\t\t<h3>Cozinha Ergon\u00f3mica<\/h3>\n\t\t\t\t\t<div class=\"portfolio_masonry_subtitle\">COZINHAS<\/div>\n\t\t\t\t<\/div>\n\t\t\t<\/figcaption><a rel=\"noopener noreferrer\" href=\"https:\/\/heritage-pt.com\/fr\/heritage-projetos-04-cozinha-ergonomica\/\"  ><\/a>\n\t\t<\/div>\n\t\t<div class=\"portfolio_masonry_grid_wrapper gallery_grid_item tg_three_cols   portfolio-5 tile scale-anm roupeiros all filterable\" >\n\t\t\t<div class=\"portfolio_masonry_img\">\n\t\t\t\t<img decoding=\"async\" src=\"https:\/\/heritage-pt.com\/wp-content\/uploads\/2022\/12\/00-20220201_182745-768x512.jpg\" alt=\"\" \/>\n\t\t\t<\/div>\n\n\t\t\t<figcaption>\n\t\t\t\t<div class=\"border one\">\n\t\t\t      <div><\/div>\n\t\t\t    <\/div>\n\t\t\t    <div class=\"border two\">\n\t\t\t      <div><\/div>\n\t\t\t    <\/div>\n\t\t\t\t<div class=\"portfolio_masonry_content\">\n\t\t\t\t\t<h3>Roupeiro de Canto Contempor\u00e2neo<\/h3>\n\t\t\t\t\t<div class=\"portfolio_masonry_subtitle\">ROUPEIROS<\/div>\n\t\t\t\t<\/div>\n\t\t\t<\/figcaption><a rel=\"noopener noreferrer\" href=\"https:\/\/heritage-pt.com\/fr\/heritage-projetos-05-roupeiro-de-canto-contemporaneo\/\"  ><\/a>\n\t\t<\/div>\n\t\t<div class=\"portfolio_masonry_grid_wrapper gallery_grid_item tg_three_cols last  portfolio-6 tile scale-anm casa-de-banho all filterable\" >\n\t\t\t<div class=\"portfolio_masonry_img\">\n\t\t\t\t<img decoding=\"async\" src=\"https:\/\/heritage-pt.com\/wp-content\/uploads\/2022\/12\/00-37815072_1431053863704823_5139125620332036096_o-768x512.jpg\" alt=\"\" \/>\n\t\t\t<\/div>\n\n\t\t\t<figcaption>\n\t\t\t\t<div class=\"border one\">\n\t\t\t      <div><\/div>\n\t\t\t    <\/div>\n\t\t\t    <div class=\"border two\">\n\t\t\t      <div><\/div>\n\t\t\t    <\/div>\n\t\t\t\t<div class=\"portfolio_masonry_content\">\n\t\t\t\t\t<h3>WC Chic &amp; Clean<\/h3>\n\t\t\t\t\t<div class=\"portfolio_masonry_subtitle\">CASA DE BANHO<\/div>\n\t\t\t\t<\/div>\n\t\t\t<\/figcaption><a rel=\"noopener noreferrer\" href=\"https:\/\/heritage-pt.com\/fr\/heritage-projetos-06-wc-chic-clean\/\"  ><\/a>\n\t\t<\/div>\n\t\t<div class=\"portfolio_masonry_grid_wrapper gallery_grid_item tg_three_cols   portfolio-7 tile scale-anm roupeiros all filterable\" >\n\t\t\t<div class=\"portfolio_masonry_img\">\n\t\t\t\t<img decoding=\"async\" src=\"https:\/\/heritage-pt.com\/wp-content\/uploads\/2022\/12\/00-IMG_20221017_170054-768x512.jpg\" alt=\"\" \/>\n\t\t\t<\/div>\n\n\t\t\t<figcaption>\n\t\t\t\t<div class=\"border one\">\n\t\t\t      <div><\/div>\n\t\t\t    <\/div>\n\t\t\t    <div class=\"border two\">\n\t\t\t      <div><\/div>\n\t\t\t    <\/div>\n\t\t\t\t<div class=\"portfolio_masonry_content\">\n\t\t\t\t\t<h3>Roupeiro Cl\u00e1ssico<\/h3>\n\t\t\t\t\t<div class=\"portfolio_masonry_subtitle\">ROUPEIROS<\/div>\n\t\t\t\t<\/div>\n\t\t\t<\/figcaption><a rel=\"noopener noreferrer\" href=\"https:\/\/heritage-pt.com\/fr\/heritage-projetos-07-roupeiro-classico\/\"  ><\/a>\n\t\t<\/div>\n\t\t<div class=\"portfolio_masonry_grid_wrapper gallery_grid_item tg_three_cols   portfolio-8 tile scale-anm cozinhas all filterable\" >\n\t\t\t<div class=\"portfolio_masonry_img\">\n\t\t\t\t<img decoding=\"async\" src=\"https:\/\/heritage-pt.com\/wp-content\/uploads\/2022\/12\/00-IMG_20220519_145032-768x512.jpg\" alt=\"\" \/>\n\t\t\t<\/div>\n\n\t\t\t<figcaption>\n\t\t\t\t<div class=\"border one\">\n\t\t\t      <div><\/div>\n\t\t\t    <\/div>\n\t\t\t    <div class=\"border two\">\n\t\t\t      <div><\/div>\n\t\t\t    <\/div>\n\t\t\t\t<div class=\"portfolio_masonry_content\">\n\t\t\t\t\t<h3>Cozinha Contempor\u00e2nea<\/h3>\n\t\t\t\t\t<div class=\"portfolio_masonry_subtitle\">COZINHAS<\/div>\n\t\t\t\t<\/div>\n\t\t\t<\/figcaption><a rel=\"noopener noreferrer\" href=\"https:\/\/heritage-pt.com\/fr\/heritage-projetos-08-cozinha-contemporanea\/\"  ><\/a>\n\t\t<\/div>\n\t\t<div class=\"portfolio_masonry_grid_wrapper gallery_grid_item tg_three_cols last  portfolio-9 tile scale-anm cozinhas all filterable\" >\n\t\t\t<div class=\"portfolio_masonry_img\">\n\t\t\t\t<img decoding=\"async\" src=\"https:\/\/heritage-pt.com\/wp-content\/uploads\/2022\/12\/00-IMG_20221116_173626-1-768x512.jpg\" alt=\"\" \/>\n\t\t\t<\/div>\n\n\t\t\t<figcaption>\n\t\t\t\t<div class=\"border one\">\n\t\t\t      <div><\/div>\n\t\t\t    <\/div>\n\t\t\t    <div class=\"border two\">\n\t\t\t      <div><\/div>\n\t\t\t    <\/div>\n\t\t\t\t<div class=\"portfolio_masonry_content\">\n\t\t\t\t\t<h3>Cozinha Art D\u00e9co Verde<\/h3>\n\t\t\t\t\t<div class=\"portfolio_masonry_subtitle\">COZINHAS<\/div>\n\t\t\t\t<\/div>\n\t\t\t<\/figcaption><a rel=\"noopener noreferrer\" href=\"https:\/\/heritage-pt.com\/fr\/heritage-projetos-09-cozinha-art-deco-verde\/\"  ><\/a>\n\t\t<\/div>\n\t\t<div class=\"portfolio_masonry_grid_wrapper gallery_grid_item tg_three_cols   portfolio-10 tile scale-anm cozinhas all filterable\" >\n\t\t\t<div class=\"portfolio_masonry_img\">\n\t\t\t\t<img decoding=\"async\" src=\"https:\/\/heritage-pt.com\/wp-content\/uploads\/2022\/12\/00-IMG_20221005_112200-768x512.jpg\" alt=\"\" \/>\n\t\t\t<\/div>\n\n\t\t\t<figcaption>\n\t\t\t\t<div class=\"border one\">\n\t\t\t      <div><\/div>\n\t\t\t    <\/div>\n\t\t\t    <div class=\"border two\">\n\t\t\t      <div><\/div>\n\t\t\t    <\/div>\n\t\t\t\t<div class=\"portfolio_masonry_content\">\n\t\t\t\t\t<h3>Cozinha Americana<\/h3>\n\t\t\t\t\t<div class=\"portfolio_masonry_subtitle\">COZINHAS<\/div>\n\t\t\t\t<\/div>\n\t\t\t<\/figcaption><a rel=\"noopener noreferrer\" href=\"https:\/\/heritage-pt.com\/fr\/heritage-projetos-10-cozinha-americana\/\"  ><\/a>\n\t\t<\/div>\n\t\t<div class=\"portfolio_masonry_grid_wrapper gallery_grid_item tg_three_cols   portfolio-11 tile scale-anm esquadrias all filterable\" >\n\t\t\t<div class=\"portfolio_masonry_img\">\n\t\t\t\t<img decoding=\"async\" src=\"https:\/\/heritage-pt.com\/wp-content\/uploads\/2022\/12\/00-37873742_1431054537038089_4796572338906726400_o-768x512.jpg\" alt=\"\" \/>\n\t\t\t<\/div>\n\n\t\t\t<figcaption>\n\t\t\t\t<div class=\"border one\">\n\t\t\t      <div><\/div>\n\t\t\t    <\/div>\n\t\t\t    <div class=\"border two\">\n\t\t\t      <div><\/div>\n\t\t\t    <\/div>\n\t\t\t\t<div class=\"portfolio_masonry_content\">\n\t\t\t\t\t<h3>Esquadrias e Acabamentos. Moradia Familiar<\/h3>\n\t\t\t\t\t<div class=\"portfolio_masonry_subtitle\">ESQUADRIAS<\/div>\n\t\t\t\t<\/div>\n\t\t\t<\/figcaption><a rel=\"noopener noreferrer\" href=\"https:\/\/heritage-pt.com\/fr\/heritage-projetos-11-esquadrias-e-acabamentos-moradia-familiar\/\"  ><\/a>\n\t\t<\/div>\n\t\t<div class=\"portfolio_masonry_grid_wrapper gallery_grid_item tg_three_cols last  portfolio-12 tile scale-anm cozinhas all filterable\" >\n\t\t\t<div class=\"portfolio_masonry_img\">\n\t\t\t\t<img decoding=\"async\" src=\"https:\/\/heritage-pt.com\/wp-content\/uploads\/2022\/12\/00-20220329_192700-768x513.jpg\" alt=\"\" \/>\n\t\t\t<\/div>\n\n\t\t\t<figcaption>\n\t\t\t\t<div class=\"border one\">\n\t\t\t      <div><\/div>\n\t\t\t    <\/div>\n\t\t\t    <div class=\"border two\">\n\t\t\t      <div><\/div>\n\t\t\t    <\/div>\n\t\t\t\t<div class=\"portfolio_masonry_content\">\n\t\t\t\t\t<h3>Cozinha Estilo Retro<\/h3>\n\t\t\t\t\t<div class=\"portfolio_masonry_subtitle\">COZINHAS<\/div>\n\t\t\t\t<\/div>\n\t\t\t<\/figcaption><a rel=\"noopener noreferrer\" href=\"https:\/\/heritage-pt.com\/fr\/heritage-projetos-12-cozinha-estilo-retro\/\"  ><\/a>\n\t\t<\/div>\n\t\t<div class=\"portfolio_masonry_grid_wrapper gallery_grid_item tg_three_cols   portfolio-13 tile scale-anm cozinhas all filterable\" >\n\t\t\t<div class=\"portfolio_masonry_img\">\n\t\t\t\t<img decoding=\"async\" src=\"https:\/\/heritage-pt.com\/wp-content\/uploads\/2022\/12\/00-IMG_20221110_193257-768x512.jpg\" alt=\"\" \/>\n\t\t\t<\/div>\n\n\t\t\t<figcaption>\n\t\t\t\t<div class=\"border one\">\n\t\t\t      <div><\/div>\n\t\t\t    <\/div>\n\t\t\t    <div class=\"border two\">\n\t\t\t      <div><\/div>\n\t\t\t    <\/div>\n\t\t\t\t<div class=\"portfolio_masonry_content\">\n\t\t\t\t\t<h3>Cozinha Cl\u00e1ssica em Madeira<\/h3>\n\t\t\t\t\t<div class=\"portfolio_masonry_subtitle\">COZINHAS<\/div>\n\t\t\t\t<\/div>\n\t\t\t<\/figcaption><a rel=\"noopener noreferrer\" href=\"https:\/\/heritage-pt.com\/fr\/heritage-projetos-13-cozinha-classica-em-madeira\/\"  ><\/a>\n\t\t<\/div>\n\t\t<div class=\"portfolio_masonry_grid_wrapper gallery_grid_item tg_three_cols   portfolio-14 tile scale-anm cozinhas all filterable\" >\n\t\t\t<div class=\"portfolio_masonry_img\">\n\t\t\t\t<img decoding=\"async\" src=\"https:\/\/heritage-pt.com\/wp-content\/uploads\/2022\/12\/00-20210202_125227-768x512.jpg\" alt=\"\" \/>\n\t\t\t<\/div>\n\n\t\t\t<figcaption>\n\t\t\t\t<div class=\"border one\">\n\t\t\t      <div><\/div>\n\t\t\t    <\/div>\n\t\t\t    <div class=\"border two\">\n\t\t\t      <div><\/div>\n\t\t\t    <\/div>\n\t\t\t\t<div class=\"portfolio_masonry_content\">\n\t\t\t\t\t<h3>Cozinha em Madeira \/ Lacado<\/h3>\n\t\t\t\t\t<div class=\"portfolio_masonry_subtitle\">COZINHAS<\/div>\n\t\t\t\t<\/div>\n\t\t\t<\/figcaption><a rel=\"noopener noreferrer\" href=\"https:\/\/heritage-pt.com\/fr\/heritage-projetos-14-cozinha-em-madeira-lacado\/\"  ><\/a>\n\t\t<\/div>\n\t\t<div class=\"portfolio_masonry_grid_wrapper gallery_grid_item tg_three_cols last  portfolio-15 tile scale-anm cozinhas all filterable\" >\n\t\t\t<div class=\"portfolio_masonry_img\">\n\t\t\t\t<img decoding=\"async\" src=\"https:\/\/heritage-pt.com\/wp-content\/uploads\/2022\/12\/00-20220312_193832-768x512.jpg\" alt=\"\" \/>\n\t\t\t<\/div>\n\n\t\t\t<figcaption>\n\t\t\t\t<div class=\"border one\">\n\t\t\t      <div><\/div>\n\t\t\t    <\/div>\n\t\t\t    <div class=\"border two\">\n\t\t\t      <div><\/div>\n\t\t\t    <\/div>\n\t\t\t\t<div class=\"portfolio_masonry_content\">\n\t\t\t\t\t<h3>Cozinha Avant-Garde<\/h3>\n\t\t\t\t\t<div class=\"portfolio_masonry_subtitle\">COZINHAS<\/div>\n\t\t\t\t<\/div>\n\t\t\t<\/figcaption><a rel=\"noopener noreferrer\" href=\"https:\/\/heritage-pt.com\/fr\/heritage-projetos-15-cozinha-avant-garde\/\"  ><\/a>\n\t\t<\/div>\n<\/div>\n<\/div>\t\t<\/div>\n\t\t\t\t<\/div>\n\t\t\t\t\t<\/div>\n\t\t<\/div>\n\t\t\t\t\t\t\t<\/div>\n\t\t<\/section>\n\t\t\t\t\t\t\t<\/div>","protected":false},"excerpt":{"rendered":"<p>All Roupeiros Casa de Banho Cozinhas Esquadrias Roupeiro Contempor\u00e2neo Modular ROUPEIROS Mobili\u00e1rio de Casa de Banho CASA DE BANHO Cozinha Open Space COZINHAS Cozinha Ergon\u00f3mica COZINHAS Roupeiro de Canto Contempor\u00e2neo ROUPEIROS WC Chic &amp; Clean CASA DE BANHO Roupeiro Cl\u00e1ssico [&hellip;]<\/p>","protected":false},"author":1,"featured_media":0,"parent":0,"menu_order":0,"comment_status":"closed","ping_status":"closed","template":"","meta":{"footnotes":""},"class_list":["post-2416","page","type-page","status-publish","hentry"],"yoast_head":"<!-- This site is optimized with the Yoast SEO plugin v19.13 - https:\/\/yoast.com\/wordpress\/plugins\/seo\/ -->\n<title>Cozinhas | Roupeiros | Casa Banho | Esquadrias | Projetos | Obras | Fabrico | Por Medida - Heritage<\/title>\n<meta name=\"robots\" content=\"index, follow, max-snippet:-1, max-image-preview:large, max-video-preview:-1\" \/>\n<link rel=\"canonical\" href=\"https:\/\/heritage-pt.com\/fr\/portefolio\/\" \/>\n<meta property=\"og:locale\" content=\"fr_FR\" \/>\n<meta property=\"og:type\" content=\"article\" \/>\n<meta property=\"og:title\" content=\"Cozinhas | Roupeiros | Casa Banho | Esquadrias | Projetos | Obras | Fabrico | Por Medida - Heritage\" \/>\n<meta property=\"og:description\" content=\"All Roupeiros Casa de Banho Cozinhas Esquadrias Roupeiro Contempor\u00e2neo Modular ROUPEIROS Mobili\u00e1rio de Casa de Banho CASA DE BANHO Cozinha Open Space COZINHAS Cozinha Ergon\u00f3mica COZINHAS Roupeiro de Canto Contempor\u00e2neo ROUPEIROS WC Chic &amp; Clean CASA DE BANHO Roupeiro Cl\u00e1ssico [&hellip;]\" \/>\n<meta property=\"og:url\" content=\"https:\/\/heritage-pt.com\/fr\/portefolio\/\" \/>\n<meta property=\"og:site_name\" content=\"Heritage\" \/>\n<meta property=\"article:modified_time\" content=\"2022-12-30T16:09:28+00:00\" \/>\n<meta property=\"og:image\" content=\"https:\/\/heritage-pt.com\/wp-content\/uploads\/2022\/12\/Dressing-beige-1-768x512.jpg\" \/>\n<meta name=\"twitter:card\" content=\"summary_large_image\" \/>\n<meta name=\"twitter:label1\" content=\"Dur\u00e9e de lecture estim\u00e9e\" \/>\n\t<meta name=\"twitter:data1\" content=\"4 minutes\" \/>\n<script type=\"application\/ld+json\" class=\"yoast-schema-graph\">{\"@context\":\"https:\/\/schema.org\",\"@graph\":[{\"@type\":\"WebPage\",\"@id\":\"https:\/\/heritage-pt.com\/portefolio\/\",\"url\":\"https:\/\/heritage-pt.com\/portefolio\/\",\"name\":\"Cozinhas | Roupeiros | Casa Banho | Esquadrias | Projetos | Obras | Fabrico | Por Medida - Heritage\",\"isPartOf\":{\"@id\":\"https:\/\/heritage-pt.com\/#website\"},\"datePublished\":\"2018-08-24T09:30:47+00:00\",\"dateModified\":\"2022-12-30T16:09:28+00:00\",\"breadcrumb\":{\"@id\":\"https:\/\/heritage-pt.com\/portefolio\/#breadcrumb\"},\"inLanguage\":\"fr-FR\",\"potentialAction\":[{\"@type\":\"ReadAction\",\"target\":[\"https:\/\/heritage-pt.com\/portefolio\/\"]}]},{\"@type\":\"BreadcrumbList\",\"@id\":\"https:\/\/heritage-pt.com\/portefolio\/#breadcrumb\",\"itemListElement\":[{\"@type\":\"ListItem\",\"position\":1,\"name\":\"Home\",\"item\":\"https:\/\/heritage-pt.com\/\"},{\"@type\":\"ListItem\",\"position\":2,\"name\":\"Cozinhas | Roupeiros | Casa Banho | Esquadrias | Projetos | Obras | Fabrico | Por Medida\"}]},{\"@type\":\"WebSite\",\"@id\":\"https:\/\/heritage-pt.com\/#website\",\"url\":\"https:\/\/heritage-pt.com\/\",\"name\":\"Heritage\",\"description\":\"\",\"publisher\":{\"@id\":\"https:\/\/heritage-pt.com\/#organization\"},\"potentialAction\":[{\"@type\":\"SearchAction\",\"target\":{\"@type\":\"EntryPoint\",\"urlTemplate\":\"https:\/\/heritage-pt.com\/?s={search_term_string}\"},\"query-input\":\"required name=search_term_string\"}],\"inLanguage\":\"fr-FR\"},{\"@type\":\"Organization\",\"@id\":\"https:\/\/heritage-pt.com\/#organization\",\"name\":\"Heritage\",\"url\":\"https:\/\/heritage-pt.com\/\",\"logo\":{\"@type\":\"ImageObject\",\"inLanguage\":\"fr-FR\",\"@id\":\"https:\/\/heritage-pt.com\/#\/schema\/logo\/image\/\",\"url\":\"https:\/\/heritage-pt.com\/wp-content\/uploads\/2022\/12\/logo@2x-1-1.png\",\"contentUrl\":\"https:\/\/heritage-pt.com\/wp-content\/uploads\/2022\/12\/logo@2x-1-1.png\",\"width\":346,\"height\":74,\"caption\":\"Heritage\"},\"image\":{\"@id\":\"https:\/\/heritage-pt.com\/#\/schema\/logo\/image\/\"}}]}<\/script>\n<!-- \/ Yoast SEO plugin. -->","yoast_head_json":{"title":"Cozinhas | Roupeiros | Casa Banho | Esquadrias | Projetos | Obras | Fabrico | Por Medida - Heritage","robots":{"index":"index","follow":"follow","max-snippet":"max-snippet:-1","max-image-preview":"max-image-preview:large","max-video-preview":"max-video-preview:-1"},"canonical":"https:\/\/heritage-pt.com\/fr\/portefolio\/","og_locale":"fr_FR","og_type":"article","og_title":"Cozinhas | Roupeiros | Casa Banho | Esquadrias | Projetos | Obras | Fabrico | Por Medida - Heritage","og_description":"All Roupeiros Casa de Banho Cozinhas Esquadrias Roupeiro Contempor\u00e2neo Modular ROUPEIROS Mobili\u00e1rio de Casa de Banho CASA DE BANHO Cozinha Open Space COZINHAS Cozinha Ergon\u00f3mica COZINHAS Roupeiro de Canto Contempor\u00e2neo ROUPEIROS WC Chic &amp; Clean CASA DE BANHO Roupeiro Cl\u00e1ssico [&hellip;]","og_url":"https:\/\/heritage-pt.com\/fr\/portefolio\/","og_site_name":"Heritage","article_modified_time":"2022-12-30T16:09:28+00:00","og_image":[{"url":"https:\/\/heritage-pt.com\/wp-content\/uploads\/2022\/12\/Dressing-beige-1-768x512.jpg"}],"twitter_card":"summary_large_image","twitter_misc":{"Dur\u00e9e de lecture estim\u00e9e":"4 minutes"},"schema":{"@context":"https:\/\/schema.org","@graph":[{"@type":"WebPage","@id":"https:\/\/heritage-pt.com\/portefolio\/","url":"https:\/\/heritage-pt.com\/portefolio\/","name":"Cozinhas | Roupeiros | Casa Banho | Esquadrias | Projetos | Obras | Fabrico | Por Medida - Heritage","isPartOf":{"@id":"https:\/\/heritage-pt.com\/#website"},"datePublished":"2018-08-24T09:30:47+00:00","dateModified":"2022-12-30T16:09:28+00:00","breadcrumb":{"@id":"https:\/\/heritage-pt.com\/portefolio\/#breadcrumb"},"inLanguage":"fr-FR","potentialAction":[{"@type":"ReadAction","target":["https:\/\/heritage-pt.com\/portefolio\/"]}]},{"@type":"BreadcrumbList","@id":"https:\/\/heritage-pt.com\/portefolio\/#breadcrumb","itemListElement":[{"@type":"ListItem","position":1,"name":"Home","item":"https:\/\/heritage-pt.com\/"},{"@type":"ListItem","position":2,"name":"Cozinhas | Roupeiros | Casa Banho | Esquadrias | Projetos | Obras | Fabrico | Por Medida"}]},{"@type":"WebSite","@id":"https:\/\/heritage-pt.com\/#website","url":"https:\/\/heritage-pt.com\/","name":"Heritage","description":"","publisher":{"@id":"https:\/\/heritage-pt.com\/#organization"},"potentialAction":[{"@type":"SearchAction","target":{"@type":"EntryPoint","urlTemplate":"https:\/\/heritage-pt.com\/?s={search_term_string}"},"query-input":"required name=search_term_string"}],"inLanguage":"fr-FR"},{"@type":"Organization","@id":"https:\/\/heritage-pt.com\/#organization","name":"Heritage","url":"https:\/\/heritage-pt.com\/","logo":{"@type":"ImageObject","inLanguage":"fr-FR","@id":"https:\/\/heritage-pt.com\/#\/schema\/logo\/image\/","url":"https:\/\/heritage-pt.com\/wp-content\/uploads\/2022\/12\/logo@2x-1-1.png","contentUrl":"https:\/\/heritage-pt.com\/wp-content\/uploads\/2022\/12\/logo@2x-1-1.png","width":346,"height":74,"caption":"Heritage"},"image":{"@id":"https:\/\/heritage-pt.com\/#\/schema\/logo\/image\/"}}]}},"_links":{"self":[{"href":"https:\/\/heritage-pt.com\/fr\/wp-json\/wp\/v2\/pages\/2416","targetHints":{"allow":["GET"]}}],"collection":[{"href":"https:\/\/heritage-pt.com\/fr\/wp-json\/wp\/v2\/pages"}],"about":[{"href":"https:\/\/heritage-pt.com\/fr\/wp-json\/wp\/v2\/types\/page"}],"author":[{"embeddable":true,"href":"https:\/\/heritage-pt.com\/fr\/wp-json\/wp\/v2\/users\/1"}],"replies":[{"embeddable":true,"href":"https:\/\/heritage-pt.com\/fr\/wp-json\/wp\/v2\/comments?post=2416"}],"version-history":[{"count":68,"href":"https:\/\/heritage-pt.com\/fr\/wp-json\/wp\/v2\/pages\/2416\/revisions"}],"predecessor-version":[{"id":5024,"href":"https:\/\/heritage-pt.com\/fr\/wp-json\/wp\/v2\/pages\/2416\/revisions\/5024"}],"wp:attachment":[{"href":"https:\/\/heritage-pt.com\/fr\/wp-json\/wp\/v2\/media?parent=2416"}],"curies":[{"name":"wp","href":"https:\/\/api.w.org\/{rel}","templated":true}]}}